{"id":858,"date":"2024-11-27T08:59:33","date_gmt":"2024-11-27T07:59:33","guid":{"rendered":"https:\/\/rovus.rs\/?post_type=product&#038;p=858"},"modified":"2025-01-27T10:39:36","modified_gmt":"2025-01-27T09:39:36","slug":"rovus-duoclean-cordless-vacuum-cleaner","status":"publish","type":"product","link":"https:\/\/rovus.rs\/en\/product\/rovus-duoclean-cordless-vacuum-cleaner\/","title":{"rendered":"Rovus DuoClean Cordless Vacuum Cleaner"},"content":{"rendered":"<p>Discover the power and convenience of the Rovus DuoClean Cordless Vacuum Cleaner, ideal for everyday cleaning of all surfaces in your home. Equipped with a powerful 120W (DC) motor and a 2200mAh battery, this vacuum offers two speed settings to efficiently remove dust and dirt, whether you&#8217;re cleaning carpets, tiles, or furniture. The spacious dust bin makes it easy to clean larger areas without frequent emptying, while the cordless design allows easy access to hard-to-reach spots. A perfect solution for a quick, simple, and effective way to keep your home clean!<\/p>\n","protected":false},"excerpt":{"rendered":"<p>Discover the power and convenience of the Rovus DuoClean Cordless Vacuum Cleaner, ideal for everyday cleaning of all surfaces in your home. Equipped with a powerful 120W (DC) motor and a 2200mAh battery, this vacuum offers two speed settings to efficiently remove dust and dirt, whether you&#8217;re cleaning carpets, tiles, or furniture. The spacious dust [&hellip;]<\/p>\n","protected":false},"featured_media":849,"comment_status":"open","ping_status":"closed","template":"","meta":{"_acf_changed":false},"product_brand":[],"product_cat":[49],"product_tag":[],"class_list":{"0":"post-858","1":"product","2":"type-product","3":"status-publish","4":"has-post-thumbnail","6":"product_cat-vacuum-cleaners","8":"first","9":"instock","10":"shipping-taxable","11":"product-type-simple"},"acf":[],"yoast_head":"<!-- This site is optimized with the Yoast SEO plugin v27.3 - https:\/\/yoast.com\/product\/yoast-seo-wordpress\/ -->\n<title>Rovus DuoClean Cordless Vacuum Cleaner - Rovus Srbija<\/title>\n<meta name=\"description\" content=\"Discover the power and convenience of the Rovus DuoClean Cordless Vacuum Cleaner, ideal for everyday cleaning of all surfaces in your home.\" \/>\n<meta name=\"robots\" content=\"index, follow, max-snippet:-1, max-image-preview:large, max-video-preview:-1\" \/>\n<link rel=\"canonical\" href=\"https:\/\/rovus.rs\/en\/product\/rovus-duoclean-cordless-vacuum-cleaner\/\" \/>\n<meta property=\"og:locale\" content=\"en_US\" \/>\n<meta property=\"og:type\" content=\"article\" \/>\n<meta property=\"og:title\" content=\"Rovus DuoClean Cordless Vacuum Cleaner - Rovus Srbija\" \/>\n<meta property=\"og:description\" content=\"Discover the power and convenience of the Rovus DuoClean Cordless Vacuum Cleaner, ideal for everyday cleaning of all surfaces in your home.\" \/>\n<meta property=\"og:url\" content=\"https:\/\/rovus.rs\/en\/product\/rovus-duoclean-cordless-vacuum-cleaner\/\" \/>\n<meta property=\"og:site_name\" content=\"Rovus Srbija\" \/>\n<meta property=\"article:modified_time\" content=\"2025-01-27T09:39:36+00:00\" \/>\n<meta property=\"og:image\" content=\"https:\/\/rovus.rs\/wp-content\/uploads\/sites\/3\/2024\/11\/Duoclean3.jpg\" \/>\n\t<meta property=\"og:image:width\" content=\"1400\" \/>\n\t<meta property=\"og:image:height\" content=\"1400\" \/>\n\t<meta property=\"og:image:type\" content=\"image\/jpeg\" \/>\n<meta name=\"twitter:card\" content=\"summary_large_image\" \/>\n<meta name=\"twitter:label1\" content=\"Est. reading time\" \/>\n\t<meta name=\"twitter:data1\" content=\"1 minute\" \/>\n<script type=\"application\/ld+json\" class=\"yoast-schema-graph\">{\"@context\":\"https:\\\/\\\/schema.org\",\"@graph\":[{\"@type\":\"WebPage\",\"@id\":\"https:\\\/\\\/rovus.rs\\\/en\\\/product\\\/rovus-duoclean-cordless-vacuum-cleaner\\\/\",\"url\":\"https:\\\/\\\/rovus.rs\\\/en\\\/product\\\/rovus-duoclean-cordless-vacuum-cleaner\\\/\",\"name\":\"Rovus DuoClean Cordless Vacuum Cleaner - Rovus Srbija\",\"isPartOf\":{\"@id\":\"https:\\\/\\\/rovus.rs\\\/#website\"},\"primaryImageOfPage\":{\"@id\":\"https:\\\/\\\/rovus.rs\\\/en\\\/product\\\/rovus-duoclean-cordless-vacuum-cleaner\\\/#primaryimage\"},\"image\":{\"@id\":\"https:\\\/\\\/rovus.rs\\\/en\\\/product\\\/rovus-duoclean-cordless-vacuum-cleaner\\\/#primaryimage\"},\"thumbnailUrl\":\"https:\\\/\\\/rovus.rs\\\/wp-content\\\/uploads\\\/sites\\\/3\\\/2024\\\/11\\\/Duoclean3.jpg\",\"datePublished\":\"2024-11-27T07:59:33+00:00\",\"dateModified\":\"2025-01-27T09:39:36+00:00\",\"description\":\"Discover the power and convenience of the Rovus DuoClean Cordless Vacuum Cleaner, ideal for everyday cleaning of all surfaces in your home.\",\"breadcrumb\":{\"@id\":\"https:\\\/\\\/rovus.rs\\\/en\\\/product\\\/rovus-duoclean-cordless-vacuum-cleaner\\\/#breadcrumb\"},\"inLanguage\":\"en-US\",\"potentialAction\":[{\"@type\":\"ReadAction\",\"target\":[\"https:\\\/\\\/rovus.rs\\\/en\\\/product\\\/rovus-duoclean-cordless-vacuum-cleaner\\\/\"]}]},{\"@type\":\"ImageObject\",\"inLanguage\":\"en-US\",\"@id\":\"https:\\\/\\\/rovus.rs\\\/en\\\/product\\\/rovus-duoclean-cordless-vacuum-cleaner\\\/#primaryimage\",\"url\":\"https:\\\/\\\/rovus.rs\\\/wp-content\\\/uploads\\\/sites\\\/3\\\/2024\\\/11\\\/Duoclean3.jpg\",\"contentUrl\":\"https:\\\/\\\/rovus.rs\\\/wp-content\\\/uploads\\\/sites\\\/3\\\/2024\\\/11\\\/Duoclean3.jpg\",\"width\":1400,\"height\":1400,\"caption\":\"Rovus DuoClean be\u017ei\u010dni usisiva\u010d\"},{\"@type\":\"BreadcrumbList\",\"@id\":\"https:\\\/\\\/rovus.rs\\\/en\\\/product\\\/rovus-duoclean-cordless-vacuum-cleaner\\\/#breadcrumb\",\"itemListElement\":[{\"@type\":\"ListItem\",\"position\":1,\"name\":\"Home\",\"item\":\"https:\\\/\\\/rovus.rs\\\/en\\\/\"},{\"@type\":\"ListItem\",\"position\":2,\"name\":\"Shop\",\"item\":\"https:\\\/\\\/rovus.rs\\\/shop\\\/\"},{\"@type\":\"ListItem\",\"position\":3,\"name\":\"Rovus DuoClean Cordless Vacuum Cleaner\"}]},{\"@type\":\"WebSite\",\"@id\":\"https:\\\/\\\/rovus.rs\\\/#website\",\"url\":\"https:\\\/\\\/rovus.rs\\\/\",\"name\":\"Rovus Srbija\",\"description\":\"\",\"potentialAction\":[{\"@type\":\"SearchAction\",\"target\":{\"@type\":\"EntryPoint\",\"urlTemplate\":\"https:\\\/\\\/rovus.rs\\\/?s={search_term_string}\"},\"query-input\":{\"@type\":\"PropertyValueSpecification\",\"valueRequired\":true,\"valueName\":\"search_term_string\"}}],\"inLanguage\":\"en-US\"}]}<\/script>\n<!-- \/ Yoast SEO plugin. -->","yoast_head_json":{"title":"Rovus DuoClean Cordless Vacuum Cleaner - Rovus Srbija","description":"Discover the power and convenience of the Rovus DuoClean Cordless Vacuum Cleaner, ideal for everyday cleaning of all surfaces in your home.","robots":{"index":"index","follow":"follow","max-snippet":"max-snippet:-1","max-image-preview":"max-image-preview:large","max-video-preview":"max-video-preview:-1"},"canonical":"https:\/\/rovus.rs\/en\/product\/rovus-duoclean-cordless-vacuum-cleaner\/","og_locale":"en_US","og_type":"article","og_title":"Rovus DuoClean Cordless Vacuum Cleaner - Rovus Srbija","og_description":"Discover the power and convenience of the Rovus DuoClean Cordless Vacuum Cleaner, ideal for everyday cleaning of all surfaces in your home.","og_url":"https:\/\/rovus.rs\/en\/product\/rovus-duoclean-cordless-vacuum-cleaner\/","og_site_name":"Rovus Srbija","article_modified_time":"2025-01-27T09:39:36+00:00","og_image":[{"width":1400,"height":1400,"url":"https:\/\/rovus.rs\/wp-content\/uploads\/sites\/3\/2024\/11\/Duoclean3.jpg","type":"image\/jpeg"}],"twitter_card":"summary_large_image","twitter_misc":{"Est. reading time":"1 minute"},"schema":{"@context":"https:\/\/schema.org","@graph":[{"@type":"WebPage","@id":"https:\/\/rovus.rs\/en\/product\/rovus-duoclean-cordless-vacuum-cleaner\/","url":"https:\/\/rovus.rs\/en\/product\/rovus-duoclean-cordless-vacuum-cleaner\/","name":"Rovus DuoClean Cordless Vacuum Cleaner - Rovus Srbija","isPartOf":{"@id":"https:\/\/rovus.rs\/#website"},"primaryImageOfPage":{"@id":"https:\/\/rovus.rs\/en\/product\/rovus-duoclean-cordless-vacuum-cleaner\/#primaryimage"},"image":{"@id":"https:\/\/rovus.rs\/en\/product\/rovus-duoclean-cordless-vacuum-cleaner\/#primaryimage"},"thumbnailUrl":"https:\/\/rovus.rs\/wp-content\/uploads\/sites\/3\/2024\/11\/Duoclean3.jpg","datePublished":"2024-11-27T07:59:33+00:00","dateModified":"2025-01-27T09:39:36+00:00","description":"Discover the power and convenience of the Rovus DuoClean Cordless Vacuum Cleaner, ideal for everyday cleaning of all surfaces in your home.","breadcrumb":{"@id":"https:\/\/rovus.rs\/en\/product\/rovus-duoclean-cordless-vacuum-cleaner\/#breadcrumb"},"inLanguage":"en-US","potentialAction":[{"@type":"ReadAction","target":["https:\/\/rovus.rs\/en\/product\/rovus-duoclean-cordless-vacuum-cleaner\/"]}]},{"@type":"ImageObject","inLanguage":"en-US","@id":"https:\/\/rovus.rs\/en\/product\/rovus-duoclean-cordless-vacuum-cleaner\/#primaryimage","url":"https:\/\/rovus.rs\/wp-content\/uploads\/sites\/3\/2024\/11\/Duoclean3.jpg","contentUrl":"https:\/\/rovus.rs\/wp-content\/uploads\/sites\/3\/2024\/11\/Duoclean3.jpg","width":1400,"height":1400,"caption":"Rovus DuoClean be\u017ei\u010dni usisiva\u010d"},{"@type":"BreadcrumbList","@id":"https:\/\/rovus.rs\/en\/product\/rovus-duoclean-cordless-vacuum-cleaner\/#breadcrumb","itemListElement":[{"@type":"ListItem","position":1,"name":"Home","item":"https:\/\/rovus.rs\/en\/"},{"@type":"ListItem","position":2,"name":"Shop","item":"https:\/\/rovus.rs\/shop\/"},{"@type":"ListItem","position":3,"name":"Rovus DuoClean Cordless Vacuum Cleaner"}]},{"@type":"WebSite","@id":"https:\/\/rovus.rs\/#website","url":"https:\/\/rovus.rs\/","name":"Rovus Srbija","description":"","potentialAction":[{"@type":"SearchAction","target":{"@type":"EntryPoint","urlTemplate":"https:\/\/rovus.rs\/?s={search_term_string}"},"query-input":{"@type":"PropertyValueSpecification","valueRequired":true,"valueName":"search_term_string"}}],"inLanguage":"en-US"}]}},"_links":{"self":[{"href":"https:\/\/rovus.rs\/en\/wp-json\/wp\/v2\/product\/858","targetHints":{"allow":["GET"]}}],"collection":[{"href":"https:\/\/rovus.rs\/en\/wp-json\/wp\/v2\/product"}],"about":[{"href":"https:\/\/rovus.rs\/en\/wp-json\/wp\/v2\/types\/product"}],"replies":[{"embeddable":true,"href":"https:\/\/rovus.rs\/en\/wp-json\/wp\/v2\/comments?post=858"}],"wp:featuredmedia":[{"embeddable":true,"href":"https:\/\/rovus.rs\/en\/wp-json\/wp\/v2\/media\/849"}],"wp:attachment":[{"href":"https:\/\/rovus.rs\/en\/wp-json\/wp\/v2\/media?parent=858"}],"wp:term":[{"taxonomy":"product_brand","embeddable":true,"href":"https:\/\/rovus.rs\/en\/wp-json\/wp\/v2\/product_brand?post=858"},{"taxonomy":"product_cat","embeddable":true,"href":"https:\/\/rovus.rs\/en\/wp-json\/wp\/v2\/product_cat?post=858"},{"taxonomy":"product_tag","embeddable":true,"href":"https:\/\/rovus.rs\/en\/wp-json\/wp\/v2\/product_tag?post=858"}],"curies":[{"name":"wp","href":"https:\/\/api.w.org\/{rel}","templated":true}]}}